{"id":56,"date":"2018-07-03T15:38:08","date_gmt":"2018-07-03T13:38:08","guid":{"rendered":"http:\/\/cloroinfo.wp.cwndesign.co.uk\/?page_id=56"},"modified":"2024-11-05T07:09:05","modified_gmt":"2024-11-05T06:09:05","slug":"cloro-en-los-automoviles","status":"publish","type":"page","link":"https:\/\/www.cloro.info\/es\/que-es-el-cloro\/cloro-en-los-automoviles\/","title":{"rendered":"Cloro en los autom\u00f3viles"},"content":{"rendered":"<p>En el sector de la automoci\u00f3n y el transporte, el cloro interviene en la fabricaci\u00f3n de nylon para los cinturones de seguridad y airbags, parachoques y otras protecciones para coches, alfombrillas, salpicaderos, anticongelantes, refrigerantes, etc. Tambi\u00e9n se usa, por ejemplo, en la fabricaci\u00f3n de cascos de embarcaciones, redes y sedales para barcos de pesca o pinturas resistentes contra la corrosi\u00f3n.<\/p>\n<p>El uso de cloro para la obtenci\u00f3n de materias pl\u00e1sticas, utilizadas como accesorios en el interior de los veh\u00edculos, ha servido para reducir el peso de los autom\u00f3viles y, por tanto, el consumo de energ\u00eda.<\/p>\n<p>Tambi\u00e9n se utiliza cloro en la fabricaci\u00f3n de neum\u00e1ticos, tapicer\u00edas, aceites lubricantes de alta calidad, aditivos de gasolina, materiales el\u00e9ctricos, ventanas para autobuses y l\u00edquidos de frenos.<\/p>\n<p><img loading=\"lazy\" decoding=\"async\" class=\"aligncenter wp-image-57 size-full\" src=\"https:\/\/www.cloro.info\/wp-content\/uploads\/2018\/07\/automobile.jpg\" alt=\"\" width=\"220\" height=\"147\" \/><\/p>\n","protected":false},"excerpt":{"rendered":"<p>En el sector de la automoci\u00f3n y el transporte, el cloro interviene en la fabricaci\u00f3n de nylon para los cinturones de seguridad y airbags, parachoques y otras protecciones para coches, alfombrillas, salpicaderos, anticongelantes, refrigerantes, etc. Tambi\u00e9n se usa, por ejemplo, en la fabricaci\u00f3n de cascos de embarcaciones, redes y sedales para barcos de pesca o [&hellip;]<\/p>\n","protected":false},"author":2,"featured_media":0,"parent":10,"menu_order":40,"comment_status":"closed","ping_status":"closed","template":"","meta":{"_acf_changed":false,"footnotes":""},"class_list":["post-56","page","type-page","status-publish","hentry"],"acf":[],"_links":{"self":[{"href":"https:\/\/www.cloro.info\/es\/wp-json\/wp\/v2\/pages\/56","targetHints":{"allow":["GET"]}}],"collection":[{"href":"https:\/\/www.cloro.info\/es\/wp-json\/wp\/v2\/pages"}],"about":[{"href":"https:\/\/www.cloro.info\/es\/wp-json\/wp\/v2\/types\/page"}],"author":[{"embeddable":true,"href":"https:\/\/www.cloro.info\/es\/wp-json\/wp\/v2\/users\/2"}],"replies":[{"embeddable":true,"href":"https:\/\/www.cloro.info\/es\/wp-json\/wp\/v2\/comments?post=56"}],"version-history":[{"count":1,"href":"https:\/\/www.cloro.info\/es\/wp-json\/wp\/v2\/pages\/56\/revisions"}],"predecessor-version":[{"id":556,"href":"https:\/\/www.cloro.info\/es\/wp-json\/wp\/v2\/pages\/56\/revisions\/556"}],"up":[{"embeddable":true,"href":"https:\/\/www.cloro.info\/es\/wp-json\/wp\/v2\/pages\/10"}],"wp:attachment":[{"href":"https:\/\/www.cloro.info\/es\/wp-json\/wp\/v2\/media?parent=56"}],"curies":[{"name":"wp","href":"https:\/\/api.w.org\/{rel}","templated":true}]}}