{"id":35,"date":"2018-07-03T15:12:27","date_gmt":"2018-07-03T13:12:27","guid":{"rendered":"http:\/\/cloroinfo.wp.cwndesign.co.uk\/?page_id=35"},"modified":"2024-11-05T07:06:45","modified_gmt":"2024-11-05T06:06:45","slug":"cloro-como-desinfectante","status":"publish","type":"page","link":"https:\/\/www.cloro.info\/es\/que-es-el-cloro\/cloro-como-desinfectante\/","title":{"rendered":"Cloro como desinfectante"},"content":{"rendered":"<p>El cloro, utilizado solo o en forma de hipoclorito s\u00f3dico, act\u00faa como un potente desinfectante. A\u00f1adido al agua destruye r\u00e1pidamente las bacterias y otros microbios que pueda contener, lo que garantiza su potabilidad y ayuda a eliminar sabores y olores. La mayor parte del suministro de agua potable en Europa occidental depende de la cloraci\u00f3n.<\/p>\n<p><img loading=\"lazy\" decoding=\"async\" class=\"aligncenter wp-image-37 size-full\" src=\"https:\/\/www.cloro.info\/wp-content\/uploads\/2018\/07\/chlorine-as-a-water-disinfectant.jpg\" alt=\"Cloro como desinfectante\" width=\"220\" height=\"283\" \/><\/p>\n<p>En las piscinas el uso de hipoclorito s\u00f3dico es imprescindible para evitar la proliferaci\u00f3n de algas u hongos, eliminar los organismos pat\u00f3genos y asegurar unas condiciones higi\u00e9nicas \u00f3ptimas.<\/p>\n","protected":false},"excerpt":{"rendered":"<p>El cloro, utilizado solo o en forma de hipoclorito s\u00f3dico, act\u00faa como un potente desinfectante. A\u00f1adido al agua destruye r\u00e1pidamente las bacterias y otros microbios que pueda contener, lo que garantiza su potabilidad y ayuda a eliminar sabores y olores. La mayor parte del suministro de agua potable en Europa occidental depende de la cloraci\u00f3n. [&hellip;]<\/p>\n","protected":false},"author":2,"featured_media":0,"parent":10,"menu_order":10,"comment_status":"closed","ping_status":"closed","template":"","meta":{"_acf_changed":false,"footnotes":""},"class_list":["post-35","page","type-page","status-publish","hentry"],"acf":[],"_links":{"self":[{"href":"https:\/\/www.cloro.info\/es\/wp-json\/wp\/v2\/pages\/35","targetHints":{"allow":["GET"]}}],"collection":[{"href":"https:\/\/www.cloro.info\/es\/wp-json\/wp\/v2\/pages"}],"about":[{"href":"https:\/\/www.cloro.info\/es\/wp-json\/wp\/v2\/types\/page"}],"author":[{"embeddable":true,"href":"https:\/\/www.cloro.info\/es\/wp-json\/wp\/v2\/users\/2"}],"replies":[{"embeddable":true,"href":"https:\/\/www.cloro.info\/es\/wp-json\/wp\/v2\/comments?post=35"}],"version-history":[{"count":1,"href":"https:\/\/www.cloro.info\/es\/wp-json\/wp\/v2\/pages\/35\/revisions"}],"predecessor-version":[{"id":555,"href":"https:\/\/www.cloro.info\/es\/wp-json\/wp\/v2\/pages\/35\/revisions\/555"}],"up":[{"embeddable":true,"href":"https:\/\/www.cloro.info\/es\/wp-json\/wp\/v2\/pages\/10"}],"wp:attachment":[{"href":"https:\/\/www.cloro.info\/es\/wp-json\/wp\/v2\/media?parent=35"}],"curies":[{"name":"wp","href":"https:\/\/api.w.org\/{rel}","templated":true}]}}