{"id":14,"date":"2018-07-03T14:35:00","date_gmt":"2018-07-03T12:35:00","guid":{"rendered":"http:\/\/cloroinfo.wp.cwndesign.co.uk\/?page_id=14"},"modified":"2024-11-05T09:23:34","modified_gmt":"2024-11-05T08:23:34","slug":"acerca-de-ane","status":"publish","type":"page","link":"https:\/\/www.cloro.info\/es\/acerca-de-ane\/","title":{"rendered":"Acerca de ANE"},"content":{"rendered":"<p>La Asociaci\u00f3n Espa\u00f1ola de Productores de Cloro (ANE) agrupa a las\u00a0cinco\u00a0compa\u00f1\u00edas que fabrican cloro en Espa\u00f1a: Electroqu\u00edmica de Hernani, Electroqu\u00edmica Onubense, Ercros, Qu\u00edmica del Cinca y\u00a0Bondaldi Cantabria. Asimismo, ANE forma parte de la Federaci\u00f3n Empresarial de la Industria Qu\u00edmica Espa\u00f1ola (FEIQUE) y est\u00e1 integrada en <a href=\"http:\/\/www.eurochlor.org\/\" target=\"_blank\" rel=\"noopener\">Euro Chlor<\/a>,<i>\u00a0<\/i>federaci\u00f3n que representa a 35 productores de cloro en Europa. <\/p>\n<ul>\n<li><a href=\"https:\/\/www.bondalti.com\/chemistry\/industrial-sites\/torrelavega\" target=\"_blank\" rel=\"noopener\">Bondalti Cantabria<\/a><\/li>\n<li><a href=\"http:\/\/www.ehersa.com\/\">Electroqu\u00edmica de Hernani<\/a><\/li>\n<li><a href=\"http:\/\/www.electroquimicaonubense.es\/\" target=\"_blank\" rel=\"noopener\">Electroqu\u00edmica Onubense<\/a><\/li>\n<li><a href=\"http:\/\/www.ercros.es\/\" target=\"_blank\" rel=\"noopener\">Ercros<\/a><\/li>\n<li><a href=\"http:\/\/www.qcinca.es\/\" target=\"_blank\" rel=\"noopener\">Qu\u00edmica del Cinca<\/a><\/li>\n<\/ul>\n<p>&nbsp;<\/p>\n","protected":false},"excerpt":{"rendered":"<p>La Asociaci\u00f3n Espa\u00f1ola de Productores de Cloro (ANE) agrupa a las\u00a0cinco\u00a0compa\u00f1\u00edas que fabrican cloro en Espa\u00f1a: Electroqu\u00edmica de Hernani, Electroqu\u00edmica Onubense, Ercros, Qu\u00edmica del Cinca y\u00a0Bondaldi Cantabria. Asimismo, ANE forma parte de la Federaci\u00f3n Empresarial de la Industria Qu\u00edmica Espa\u00f1ola (FEIQUE) y est\u00e1 integrada en Euro Chlor,\u00a0federaci\u00f3n que representa a 35 productores de cloro en [&hellip;]<\/p>\n","protected":false},"author":2,"featured_media":0,"parent":0,"menu_order":0,"comment_status":"closed","ping_status":"closed","template":"","meta":{"_acf_changed":false,"footnotes":""},"class_list":["post-14","page","type-page","status-publish","hentry"],"acf":[],"_links":{"self":[{"href":"https:\/\/www.cloro.info\/es\/wp-json\/wp\/v2\/pages\/14","targetHints":{"allow":["GET"]}}],"collection":[{"href":"https:\/\/www.cloro.info\/es\/wp-json\/wp\/v2\/pages"}],"about":[{"href":"https:\/\/www.cloro.info\/es\/wp-json\/wp\/v2\/types\/page"}],"author":[{"embeddable":true,"href":"https:\/\/www.cloro.info\/es\/wp-json\/wp\/v2\/users\/2"}],"replies":[{"embeddable":true,"href":"https:\/\/www.cloro.info\/es\/wp-json\/wp\/v2\/comments?post=14"}],"version-history":[{"count":5,"href":"https:\/\/www.cloro.info\/es\/wp-json\/wp\/v2\/pages\/14\/revisions"}],"predecessor-version":[{"id":561,"href":"https:\/\/www.cloro.info\/es\/wp-json\/wp\/v2\/pages\/14\/revisions\/561"}],"wp:attachment":[{"href":"https:\/\/www.cloro.info\/es\/wp-json\/wp\/v2\/media?parent=14"}],"curies":[{"name":"wp","href":"https:\/\/api.w.org\/{rel}","templated":true}]}}