{"id":21,"date":"2018-07-03T14:54:20","date_gmt":"2018-07-03T12:54:20","guid":{"rendered":"http:\/\/cloroinfo.wp.cwndesign.co.uk\/about-ane\/"},"modified":"2024-11-05T09:41:47","modified_gmt":"2024-11-05T08:41:47","slug":"about-ane","status":"publish","type":"page","link":"https:\/\/www.cloro.info\/en\/about-ane\/","title":{"rendered":"About ANE"},"content":{"rendered":"<p><span lang=\"EN-GB\">The Spanish Chlorine Producers Association (ANE) comprises the\u00a0<\/span><span lang=\"EN-GB\">five<\/span><span lang=\"EN-GB\">\u00a0companies that make chlorine in Spain: Electroqu\u00edmica de Hernani, Electroqu\u00edmica Onubense, Ercros, Qu\u00edmica del Cinca and\u00a0<\/span><span lang=\"EN-GB\">Bondalti Cantabria<\/span><span lang=\"EN-GB\">. ANE, in turn, belongs to the Spanish Chemical Industry Federation (FEIQUE) and <a href=\"https:\/\/www.eurochlor.org\/\" target=\"_blank\" rel=\"noopener\">Euro Chlor<\/a><\/span><span lang=\"EN-GB\">, a federation representing 35 chlorine producers in Europe.<\/span><\/p>\n<p><span lang=\"EN-GB\">ANE\u2019s main aim is to promote the best product and production process practices in regard to health, safety and the environment among its members; to encourage an active dialogue with the main organizations involved; and to provide lawmakers, politicians, industry, scientists and the media with scientifically based information on chlorine.<\/span><\/p>\n<h2>Members of ANE<\/h2>\n<p>The Spanish Chlorine Producers Association (ANE) comprises five companies:<\/p>\n<ul>\n<li><a href=\"https:\/\/www.bondalti.com\/chemistry\/industrial-sites\/torrelavega\" target=\"_blank\" rel=\"noopener\">Bondalti Cantabria<\/a><\/li>\n<li><a href=\"http:\/\/www.ehersa.com\/\">Electroqu\u00edmica de Hernani<\/a><\/li>\n<li><a href=\"http:\/\/www.electroquimicaonubense.es\/\" target=\"_blank\" rel=\"noopener\">Electroqu\u00edmica Onubense<\/a><\/li>\n<li><a href=\"http:\/\/www.ercros.es\/\" target=\"_blank\" rel=\"noopener\">Ercros<\/a><\/li>\n<li><a href=\"http:\/\/www.qcinca.es\/\" target=\"_blank\" rel=\"noopener\">Qu\u00edmica del Cinca<\/a><\/li>\n<\/ul>\n<p>&nbsp;<\/p>\n","protected":false},"excerpt":{"rendered":"<p>The Spanish Chlorine Producers Association (ANE) comprises the\u00a0five\u00a0companies that make chlorine in Spain: Electroqu\u00edmica de Hernani, Electroqu\u00edmica Onubense, Ercros, Qu\u00edmica del Cinca and\u00a0Bondalti Cantabria. ANE, in turn, belongs to the Spanish Chemical Industry Federation (FEIQUE) and Euro Chlor, a federation representing 35 chlorine producers in Europe. ANE\u2019s main aim is to promote the best product [&hellip;]<\/p>\n","protected":false},"author":2,"featured_media":0,"parent":0,"menu_order":0,"comment_status":"closed","ping_status":"closed","template":"","meta":{"_acf_changed":false,"footnotes":""},"class_list":["post-21","page","type-page","status-publish","hentry"],"acf":[],"_links":{"self":[{"href":"https:\/\/www.cloro.info\/en\/wp-json\/wp\/v2\/pages\/21","targetHints":{"allow":["GET"]}}],"collection":[{"href":"https:\/\/www.cloro.info\/en\/wp-json\/wp\/v2\/pages"}],"about":[{"href":"https:\/\/www.cloro.info\/en\/wp-json\/wp\/v2\/types\/page"}],"author":[{"embeddable":true,"href":"https:\/\/www.cloro.info\/en\/wp-json\/wp\/v2\/users\/2"}],"replies":[{"embeddable":true,"href":"https:\/\/www.cloro.info\/en\/wp-json\/wp\/v2\/comments?post=21"}],"version-history":[{"count":6,"href":"https:\/\/www.cloro.info\/en\/wp-json\/wp\/v2\/pages\/21\/revisions"}],"predecessor-version":[{"id":567,"href":"https:\/\/www.cloro.info\/en\/wp-json\/wp\/v2\/pages\/21\/revisions\/567"}],"wp:attachment":[{"href":"https:\/\/www.cloro.info\/en\/wp-json\/wp\/v2\/media?parent=21"}],"curies":[{"name":"wp","href":"https:\/\/api.w.org\/{rel}","templated":true}]}}