{"id":118,"date":"2018-07-03T17:38:34","date_gmt":"2018-07-03T15:38:34","guid":{"rendered":"http:\/\/cloroinfo.wp.cwndesign.co.uk\/disclaimer\/"},"modified":"2018-07-03T17:38:34","modified_gmt":"2018-07-03T15:38:34","slug":"disclaimer","status":"publish","type":"page","link":"https:\/\/www.cloro.info\/en\/disclaimer\/","title":{"rendered":"Disclaimer"},"content":{"rendered":"<h2>Identification and activity of the company<\/h2>\n<p dir=\"ltr\">The owner and company in charge of the\u00a0<a href=\"https:\/\/www.cloro.info\/\">www.cloro.info<\/a>\u00a0domain is Asociaci\u00f3n Nacional de Electroqu\u00edmica, located in Paseo de Recoletos 27, 29004 Madrid (Spain). N.I.F. (Fiscal Identification Number) is: G78335585.<\/p>\n<p dir=\"ltr\">The record of the constitution and the bylaws of the Association were settled in the Subdirecci\u00f3n General de Mediaci\u00f3n, Arbitraje y Conciliaci\u00f3n on September 13th, 1997 and were published in the BOE number 225 published on September 20th, 1997. The number of process of the Association mentioned above is 692.<\/p>\n<p dir=\"ltr\">The Asociaci\u00f3n Nacional de Electroqu\u00edmica contact details are: phone number (+34) 91 585 37 71\u0096 e-mail:\u00a0<a href=\"mailto:info@cloro.info\">info@cloro.info<\/a><\/p>\n<h2>Description of\u00a0<a href=\"https:\/\/www.cloro.info\/\" target=\"_blank\" rel=\"noopener\">www.cloro.info<\/a><\/h2>\n<p dir=\"ltr\">The main service that is offered in the\u00a0<a href=\"https:\/\/www.cloro.info\/\" target=\"_blank\" rel=\"noopener\">www.cloro.info<\/a>\u00a0domain is information about the products and activities of the Asociaci\u00f3n Nacional de Electroqu\u00edmica company. News and information about stock market and economic activity are also offered.<\/p>\n<h2>Terms and conditions of the services provided by Asociaci\u00f3n Nacional de Electroqu\u00edmica<\/h2>\n<p dir=\"ltr\">The services provided by Asociaci\u00f3n Nacional de Electroqu\u00edmica through\u00a0<a href=\"https:\/\/www.cloro.info\/\" target=\"_blank\" rel=\"noopener\">www.cloro.info<\/a>\u00a0are free of charge and freely revocable, without this affecting the rest of website disclaimer.<\/p>\n<p dir=\"ltr\">Asociaci\u00f3n Nacional de Electroqu\u00edmica assumes no responsibility for any misuse of the contents of the website and reserves its right to update, restrictorf delete them temporarily or indefinitely at any time. Asociaci\u00f3n Nacional de Electroqu\u00edmica will inform the users, whenever foreseeable, of any interruption of service that could stem from the updating, improvement or maintenance of the services, or due to alien causes.<\/p>\n<h2>Rights and obligations of the users<\/h2>\n<p dir=\"ltr\">The user obliges himself\/hersel, and is the sole responsible in this respect, to use the services offered by Asociaci\u00f3n Nacional de Electroqu\u00edmica in accordance with laws, the general conditions herein and any update of these conditions, following the norms of good faith, moral and public order generally accepted.<\/p>\n<p dir=\"ltr\">The user will have no right whatsoever to be indemnified in any way (directly or indirectly) for temporary or complete interruptions of the services offered, regardless of them being due tothe company or alien causes.<\/p>\n<h2>Intellectual property<\/h2>\n<p dir=\"ltr\">All contents in\u00a0<a href=\"https:\/\/www.cloro.info\/\" target=\"_blank\" rel=\"noopener\">www.cloro.info<\/a>, texts, source code, graphic design, animations and images, as well as trademarks, commercial names and other denominations are subject to the intellectual and industrial property rights of Asociaci\u00f3n Nacional de Electroqu\u00edmica or of third parties and are protected by law.<\/p>\n<p dir=\"ltr\">Under no circumstance, does the access to the services of Asociaci\u00f3n Nacional de Electroqu\u00edmica imply the renounce, transmission, transfer or partial or total license of such contents to third parties, nor does it grant any right of use, translation, modification, adaptation, exploiting, copy, distribution or public communication of them without the previous and explicit authorisation by Asociaci\u00f3n Nacional de Electroqu\u00edmica or of a third owner of the affected rights. In no case is the total or partial reproduction of the data and contents to which access is granted in\u00a0<a href=\"https:\/\/www.cloro.info\/\" target=\"_blank\" rel=\"noopener\">www.cloro.info<\/a>\u00a0authorised (and it will be prosecuted). Their use against present legislation of industrial and intellectual property is neither authorised.<\/p>\n<h2>Links<\/h2>\n<p dir=\"ltr\">Asociaci\u00f3n Nacional de Electroqu\u00edmica does not assume any responsibility whatsoever for the information contained in web pages of third parties that include a link to\u00a0<a href=\"https:\/\/www.cloro.info\/\" target=\"_blank\" rel=\"noopener\">www.cloro.info<\/a>. Asociaci\u00f3n Nacional de Electroqu\u00edmica does not assume either the responsibility for the content of the web pages that are visited through the links included in\u00a0<a href=\"https:\/\/www.cloro.info\/\" target=\"_blank\" rel=\"noopener\">www.cloro.info<\/a>. The links in\u00a0<a href=\"https:\/\/www.cloro.info\/\" target=\"_blank\" rel=\"noopener\">www.cloro.info<\/a>\u00a0that point to third parties\u0092 web pages are included just for the sake of information and in no case imply any kind of recommendation on such pages.<\/p>\n<p dir=\"ltr\">Any user that wishes to include in his\/her web page a link to the\u00a0<a href=\"https:\/\/www.cloro.info\/\" target=\"_blank\" rel=\"noopener\">www.cloro.info<\/a>\u00a0domain or to any of its pages, will have to previously notify it to Asociaci\u00f3n Nacional de Electroqu\u00edmica<\/p>\n<p dir=\"ltr\">The inclusion of contents or providing services in their parties\u0092 websites that could mean a damage to the Asociaci\u00f3n Nacional de Electroqu\u00edmica image is strictly prohibited.<\/p>\n<p dir=\"ltr\">Asociaci\u00f3n Nacional de Electroqu\u00edmica reserves its unilateral right to prohibit, limit or require the cancellation of links that point to the\u00a0<a href=\"https:\/\/www.cloro.info\/\" target=\"_blank\" rel=\"noopener\">www.cloro.info<\/a>\u00a0domain, whenever the company deems it convenient, through simple communication to the owner of the web page. This right will in no case entitle the third party to any kind of compensation.<\/p>\n<h2>Modifications<\/h2>\n<p dir=\"ltr\">The date of the last update of the contents in\u00a0<a href=\"https:\/\/www.cloro.info\/\" target=\"_blank\" rel=\"noopener\">www.cloro.info<\/a>\u00a0can be requested by the user by sending an e-mail to\u00a0<a href=\"mailto:info@cloro.info\">info@cloro.info<\/a>.<\/p>\n<p dir=\"ltr\">Asociaci\u00f3n Nacional de Electroqu\u00edmica can modify or update this website disclaimer, that will be published in\u00a0<a href=\"https:\/\/www.cloro.info\/\" target=\"_blank\" rel=\"noopener\">www.cloro.info<\/a>, with no need whatsoever of any other kind of additional notification to the users of the web page.<\/p>\n","protected":false},"excerpt":{"rendered":"<p>Identification and activity of the company The owner and company in charge of the\u00a0www.cloro.info\u00a0domain is Asociaci\u00f3n Nacional de Electroqu\u00edmica, located in Paseo de Recoletos 27, 29004 Madrid (Spain). N.I.F. (Fiscal Identification Number) is: G78335585. The record of the constitution and the bylaws of the Association were settled in the Subdirecci\u00f3n General de Mediaci\u00f3n, Arbitraje y [&hellip;]<\/p>\n","protected":false},"author":2,"featured_media":0,"parent":0,"menu_order":0,"comment_status":"closed","ping_status":"closed","template":"","meta":{"_acf_changed":false,"footnotes":""},"class_list":["post-118","page","type-page","status-publish","hentry"],"acf":[],"_links":{"self":[{"href":"https:\/\/www.cloro.info\/en\/wp-json\/wp\/v2\/pages\/118","targetHints":{"allow":["GET"]}}],"collection":[{"href":"https:\/\/www.cloro.info\/en\/wp-json\/wp\/v2\/pages"}],"about":[{"href":"https:\/\/www.cloro.info\/en\/wp-json\/wp\/v2\/types\/page"}],"author":[{"embeddable":true,"href":"https:\/\/www.cloro.info\/en\/wp-json\/wp\/v2\/users\/2"}],"replies":[{"embeddable":true,"href":"https:\/\/www.cloro.info\/en\/wp-json\/wp\/v2\/comments?post=118"}],"version-history":[{"count":0,"href":"https:\/\/www.cloro.info\/en\/wp-json\/wp\/v2\/pages\/118\/revisions"}],"wp:attachment":[{"href":"https:\/\/www.cloro.info\/en\/wp-json\/wp\/v2\/media?parent=118"}],"curies":[{"name":"wp","href":"https:\/\/api.w.org\/{rel}","templated":true}]}}